{"id":3508,"date":"2021-04-22T07:55:13","date_gmt":"2021-04-22T07:55:13","guid":{"rendered":"https:\/\/www.sommersberger.com\/erlebnisse\/"},"modified":"2023-03-03T09:23:18","modified_gmt":"2023-03-03T09:23:18","slug":"esperienze","status":"publish","type":"page","link":"https:\/\/www.sommersberger.com\/it\/esperienze\/","title":{"rendered":"Esperienze"},"content":{"rendered":"\t\t<div data-elementor-type=\"wp-page\" data-elementor-id=\"3508\" class=\"elementor elementor-3508 elementor-1372\">\n\t\t\t\t\t\t\t\t\t<section class=\"elementor-section elementor-top-section elementor-element elementor-element-197f9d85 elementor-section-height-min-height elementor-section-boxed elementor-section-height-default elementor-section-items-middle\" data-id=\"197f9d85\" data-element_type=\"section\">\n\t\t\t\t\t\t<div class=\"elementor-container elementor-column-gap-default\">\n\t\t\t\t\t<div class=\"elementor-column elementor-col-100 elementor-top-column elementor-element elementor-element-501b6d7b\" data-id=\"501b6d7b\" data-element_type=\"column\">\n\t\t\t<div class=\"elementor-widget-wrap elementor-element-populated\">\n\t\t\t\t\t\t\t\t\t<\/div>\n\t\t<\/div>\n\t\t\t\t\t\t\t<\/div>\n\t\t<\/section>\n\t\t\t\t<section class=\"elementor-section elementor-top-section elementor-element elementor-element-120fa19 elementor-section-height-min-height elementor-section-items-top elementor-section-boxed elementor-section-height-default\" data-id=\"120fa19\" data-element_type=\"section\" data-settings=\"{&quot;background_background&quot;:&quot;classic&quot;}\">\n\t\t\t\t\t\t\t<div class=\"elementor-background-overlay\"><\/div>\n\t\t\t\t\t\t\t<div class=\"elementor-container elementor-column-gap-default\">\n\t\t\t\t\t<div class=\"elementor-column elementor-col-100 elementor-top-column elementor-element elementor-element-9d171cf\" data-id=\"9d171cf\" data-element_type=\"column\">\n\t\t\t<div class=\"elementor-widget-wrap elementor-element-populated\">\n\t\t\t\t\t\t\t\t<div class=\"elementor-element elementor-element-5361448 elementor-widget elementor-widget-heading\" data-id=\"5361448\" data-element_type=\"widget\" data-widget_type=\"heading.default\">\n\t\t\t\t<div class=\"elementor-widget-container\">\n\t\t\t<h1 class=\"elementor-heading-title elementor-size-default\">Esperienze<\/h1>\t\t<\/div>\n\t\t\t\t<\/div>\n\t\t\t\t<div class=\"elementor-element elementor-element-b9dd7ee elementor-widget elementor-widget-heading\" data-id=\"b9dd7ee\" data-element_type=\"widget\" data-widget_type=\"heading.default\">\n\t\t\t\t<div class=\"elementor-widget-container\">\n\t\t\t<h2 class=\"elementor-heading-title elementor-size-default\">I mille volti di una vacanza in Alto Adige<\/h2>\t\t<\/div>\n\t\t\t\t<\/div>\n\t\t\t\t<div class=\"elementor-element elementor-element-a958b31 elementor-widget elementor-widget-text-editor\" data-id=\"a958b31\" data-element_type=\"widget\" data-widget_type=\"text-editor.default\">\n\t\t\t\t<div class=\"elementor-widget-container\">\n\t\t\t\t\t\t\t<p>Le esperienze pi\u00f9 emozionanti diventano bei ricordi, e le giornate di relax sotto il sole restano nel cuore, pronte a regalare forza anche dopo il rientro. Al nostro agriturismo ad Albes vi aspettano non solo comfort e relax, ma anche piaceri culinari e attivit\u00e0 sportive, giornate di sci ed escursioni sulle Dolomiti e le Alpi Sarentine&#8230; e poi ancora musei, castelli, monasteri, parchi naturali e piccole perle nascoste.<\/p>\t\t\t\t\t\t<\/div>\n\t\t\t\t<\/div>\n\t\t\t\t\t<\/div>\n\t\t<\/div>\n\t\t\t\t\t\t\t<\/div>\n\t\t<\/section>\n\t\t\t\t<section class=\"elementor-section elementor-top-section elementor-element elementor-element-4528221 elementor-section-boxed elementor-section-height-default elementor-section-height-default\" data-id=\"4528221\" data-element_type=\"section\" data-settings=\"{&quot;background_background&quot;:&quot;classic&quot;}\">\n\t\t\t\t\t\t<div class=\"elementor-container elementor-column-gap-no\">\n\t\t\t\t\t<div class=\"elementor-column elementor-col-33 elementor-top-column elementor-element elementor-element-565a5c4\" data-id=\"565a5c4\" data-element_type=\"column\" data-settings=\"{&quot;background_background&quot;:&quot;classic&quot;}\">\n\t\t\t<div class=\"elementor-widget-wrap elementor-element-populated\">\n\t\t\t\t\t\t\t\t<div class=\"elementor-element elementor-element-7a3eb93 elementor-invisible elementor-widget elementor-widget-image\" data-id=\"7a3eb93\" data-element_type=\"widget\" data-settings=\"{&quot;_animation&quot;:&quot;fadeIn&quot;}\" data-widget_type=\"image.default\">\n\t\t\t\t<div class=\"elementor-widget-container\">\n\t\t\t\t\t\t\t\t\t\t\t\t\t\t\t<img width=\"650\" height=\"650\" src=\"https:\/\/www.sommersberger.com\/wp-content\/uploads\/2021\/04\/apfelbaum.png\" class=\"attachment-large size-large\" alt=\"Sommersbergerhof - am Hof\" loading=\"lazy\" srcset=\"https:\/\/www.sommersberger.com\/wp-content\/uploads\/2021\/04\/apfelbaum.png 650w, https:\/\/www.sommersberger.com\/wp-content\/uploads\/2021\/04\/apfelbaum-300x300.png 300w, https:\/\/www.sommersberger.com\/wp-content\/uploads\/2021\/04\/apfelbaum-150x150.png 150w\" sizes=\"(max-width: 650px) 100vw, 650px\" \/>\t\t\t\t\t\t\t\t\t\t\t\t\t\t\t<\/div>\n\t\t\t\t<\/div>\n\t\t\t\t<div class=\"elementor-element elementor-element-906bfee elementor-widget elementor-widget-heading\" data-id=\"906bfee\" data-element_type=\"widget\" data-widget_type=\"heading.default\">\n\t\t\t\t<div class=\"elementor-widget-container\">\n\t\t\t<h2 class=\"elementor-heading-title elementor-size-default\">Al maso<\/h2>\t\t<\/div>\n\t\t\t\t<\/div>\n\t\t\t\t<div class=\"elementor-element elementor-element-8047a0d elementor-widget elementor-widget-text-editor\" data-id=\"8047a0d\" data-element_type=\"widget\" data-widget_type=\"text-editor.default\">\n\t\t\t\t<div class=\"elementor-widget-container\">\n\t\t\t\t\t\t\t<p>Il Sommersberger gode di una posizione privilegiata, in mezzo alla natura ma con tante opportunit\u00e0 a portata di mano. Presso di noi avrete a disposizione un prato solarium con piscina e tanto verde in cui rilassarvi.<\/p>\t\t\t\t\t\t<\/div>\n\t\t\t\t<\/div>\n\t\t\t\t<div class=\"elementor-element elementor-element-85e2a21 elementor-align-left elementor-widget elementor-widget-button\" data-id=\"85e2a21\" data-element_type=\"widget\" data-widget_type=\"button.default\">\n\t\t\t\t<div class=\"elementor-widget-container\">\n\t\t\t\t\t<div class=\"elementor-button-wrapper\">\n\t\t\t<a href=\"https:\/\/www.sommersberger.com\/it\/al-maso\/\" class=\"elementor-button-link elementor-button elementor-size-sm\" role=\"button\">\n\t\t\t\t\t\t<span class=\"elementor-button-content-wrapper\">\n\t\t\t\t\t\t\t<span class=\"elementor-button-icon elementor-align-icon-left\">\n\t\t\t\t<svg xmlns=\"http:\/\/www.w3.org\/2000\/svg\" viewBox=\"0 0 30.67 30.67\"><defs><style>.cls-1{fill:none;stroke:#fff;stroke-linecap:round;stroke-linejoin:round;stroke-width:4px;}<\/style><\/defs><g id=\"Ebene_2\" data-name=\"Ebene 2\"><g id=\"Ebene_1-2\" data-name=\"Ebene 1\"><path class=\"cls-1\" d=\"M2,15.33H28.67\"><\/path><path class=\"cls-1\" d=\"M15.33,2,28.67,15.33,15.33,28.67\"><\/path><\/g><\/g><\/svg>\t\t\t<\/span>\n\t\t\t\t\t\t<span class=\"elementor-button-text\">Scopri di pi\u00f9<\/span>\n\t\t<\/span>\n\t\t\t\t\t<\/a>\n\t\t<\/div>\n\t\t\t\t<\/div>\n\t\t\t\t<\/div>\n\t\t\t\t\t<\/div>\n\t\t<\/div>\n\t\t\t\t<div class=\"elementor-column elementor-col-33 elementor-top-column elementor-element elementor-element-ba1bb60\" data-id=\"ba1bb60\" data-element_type=\"column\" data-settings=\"{&quot;background_background&quot;:&quot;classic&quot;}\">\n\t\t\t<div class=\"elementor-widget-wrap elementor-element-populated\">\n\t\t\t\t\t\t\t\t<div class=\"elementor-element elementor-element-38abe3a elementor-invisible elementor-widget elementor-widget-image\" data-id=\"38abe3a\" data-element_type=\"widget\" data-settings=\"{&quot;_animation&quot;:&quot;fadeIn&quot;}\" data-widget_type=\"image.default\">\n\t\t\t\t<div class=\"elementor-widget-container\">\n\t\t\t\t\t\t\t\t\t\t\t\t\t\t\t<img width=\"650\" height=\"650\" src=\"https:\/\/www.sommersberger.com\/wp-content\/uploads\/2021\/04\/wandern-plose.png\" class=\"attachment-large size-large\" alt=\"Sommersbergerhof - am Berg\" loading=\"lazy\" srcset=\"https:\/\/www.sommersberger.com\/wp-content\/uploads\/2021\/04\/wandern-plose.png 650w, https:\/\/www.sommersberger.com\/wp-content\/uploads\/2021\/04\/wandern-plose-300x300.png 300w, https:\/\/www.sommersberger.com\/wp-content\/uploads\/2021\/04\/wandern-plose-150x150.png 150w\" sizes=\"(max-width: 650px) 100vw, 650px\" \/>\t\t\t\t\t\t\t\t\t\t\t\t\t\t\t<\/div>\n\t\t\t\t<\/div>\n\t\t\t\t<div class=\"elementor-element elementor-element-7b6578a elementor-widget elementor-widget-heading\" data-id=\"7b6578a\" data-element_type=\"widget\" data-widget_type=\"heading.default\">\n\t\t\t\t<div class=\"elementor-widget-container\">\n\t\t\t<h2 class=\"elementor-heading-title elementor-size-default\">Montagna<\/h2>\t\t<\/div>\n\t\t\t\t<\/div>\n\t\t\t\t<div class=\"elementor-element elementor-element-66b9d5c elementor-widget elementor-widget-text-editor\" data-id=\"66b9d5c\" data-element_type=\"widget\" data-widget_type=\"text-editor.default\">\n\t\t\t\t<div class=\"elementor-widget-container\">\n\t\t\t\t\t\t\t<p>Sono la prima cosa che viene in mente quando si pensa all\u2019Alto Adige: le maestose Dolomiti, di cui fa parte anche la Plose, la montagna di Bressanone. Qui trovate i nostri consigli per bellissime escursioni in montagna.<\/p>\t\t\t\t\t\t<\/div>\n\t\t\t\t<\/div>\n\t\t\t\t<div class=\"elementor-element elementor-element-730fba9 elementor-align-left elementor-widget elementor-widget-button\" data-id=\"730fba9\" data-element_type=\"widget\" data-widget_type=\"button.default\">\n\t\t\t\t<div class=\"elementor-widget-container\">\n\t\t\t\t\t<div class=\"elementor-button-wrapper\">\n\t\t\t<a href=\"https:\/\/www.sommersberger.com\/it\/in-montagna\/\" class=\"elementor-button-link elementor-button elementor-size-sm\" role=\"button\">\n\t\t\t\t\t\t<span class=\"elementor-button-content-wrapper\">\n\t\t\t\t\t\t\t<span class=\"elementor-button-icon elementor-align-icon-left\">\n\t\t\t\t<svg xmlns=\"http:\/\/www.w3.org\/2000\/svg\" viewBox=\"0 0 30.67 30.67\"><defs><style>.cls-1{fill:none;stroke:#fff;stroke-linecap:round;stroke-linejoin:round;stroke-width:4px;}<\/style><\/defs><g id=\"Ebene_2\" data-name=\"Ebene 2\"><g id=\"Ebene_1-2\" data-name=\"Ebene 1\"><path class=\"cls-1\" d=\"M2,15.33H28.67\"><\/path><path class=\"cls-1\" d=\"M15.33,2,28.67,15.33,15.33,28.67\"><\/path><\/g><\/g><\/svg>\t\t\t<\/span>\n\t\t\t\t\t\t<span class=\"elementor-button-text\">Scopri di pi\u00f9<\/span>\n\t\t<\/span>\n\t\t\t\t\t<\/a>\n\t\t<\/div>\n\t\t\t\t<\/div>\n\t\t\t\t<\/div>\n\t\t\t\t\t<\/div>\n\t\t<\/div>\n\t\t\t\t<div class=\"elementor-column elementor-col-33 elementor-top-column elementor-element elementor-element-24997e5\" data-id=\"24997e5\" data-element_type=\"column\" data-settings=\"{&quot;background_background&quot;:&quot;classic&quot;}\">\n\t\t\t<div class=\"elementor-widget-wrap elementor-element-populated\">\n\t\t\t\t\t\t\t\t<div class=\"elementor-element elementor-element-4ddcb17 elementor-invisible elementor-widget elementor-widget-image\" data-id=\"4ddcb17\" data-element_type=\"widget\" data-settings=\"{&quot;_animation&quot;:&quot;fadeIn&quot;}\" data-widget_type=\"image.default\">\n\t\t\t\t<div class=\"elementor-widget-container\">\n\t\t\t\t\t\t\t\t\t\t\t\t\t\t\t<img width=\"650\" height=\"650\" src=\"https:\/\/www.sommersberger.com\/wp-content\/uploads\/2021\/04\/tal.png\" class=\"attachment-large size-large\" alt=\"Sommersbergerhof - im Tal\" loading=\"lazy\" srcset=\"https:\/\/www.sommersberger.com\/wp-content\/uploads\/2021\/04\/tal.png 650w, https:\/\/www.sommersberger.com\/wp-content\/uploads\/2021\/04\/tal-300x300.png 300w, https:\/\/www.sommersberger.com\/wp-content\/uploads\/2021\/04\/tal-150x150.png 150w\" sizes=\"(max-width: 650px) 100vw, 650px\" \/>\t\t\t\t\t\t\t\t\t\t\t\t\t\t\t<\/div>\n\t\t\t\t<\/div>\n\t\t\t\t<div class=\"elementor-element elementor-element-f5c7124 elementor-widget elementor-widget-heading\" data-id=\"f5c7124\" data-element_type=\"widget\" data-widget_type=\"heading.default\">\n\t\t\t\t<div class=\"elementor-widget-container\">\n\t\t\t<h2 class=\"elementor-heading-title elementor-size-default\">In valle<\/h2>\t\t<\/div>\n\t\t\t\t<\/div>\n\t\t\t\t<div class=\"elementor-element elementor-element-e67f882 elementor-widget elementor-widget-text-editor\" data-id=\"e67f882\" data-element_type=\"widget\" data-widget_type=\"text-editor.default\">\n\t\t\t\t<div class=\"elementor-widget-container\">\n\t\t\t\t\t\t\t<p>La Valle Isarco \u00e8 una delle mete preferite di chi viene a trascorrere le vacanze in Alto Adige. Cordialit\u00e0, ottimi vini, sole e tanta tranquillit\u00e0 sono solo alcuni dei motivi. E poi c\u2019\u00e8 il vivace panorama culturale di Bressanone, con tante attrazioni ed eventi interessanti.<\/p>\t\t\t\t\t\t<\/div>\n\t\t\t\t<\/div>\n\t\t\t\t<div class=\"elementor-element elementor-element-901cf8f elementor-align-left elementor-widget elementor-widget-button\" data-id=\"901cf8f\" data-element_type=\"widget\" data-widget_type=\"button.default\">\n\t\t\t\t<div class=\"elementor-widget-container\">\n\t\t\t\t\t<div class=\"elementor-button-wrapper\">\n\t\t\t<a href=\"https:\/\/www.sommersberger.com\/it\/in-valle\/\" class=\"elementor-button-link elementor-button elementor-size-sm\" role=\"button\">\n\t\t\t\t\t\t<span class=\"elementor-button-content-wrapper\">\n\t\t\t\t\t\t\t<span class=\"elementor-button-icon elementor-align-icon-left\">\n\t\t\t\t<svg xmlns=\"http:\/\/www.w3.org\/2000\/svg\" viewBox=\"0 0 30.67 30.67\"><defs><style>.cls-1{fill:none;stroke:#fff;stroke-linecap:round;stroke-linejoin:round;stroke-width:4px;}<\/style><\/defs><g id=\"Ebene_2\" data-name=\"Ebene 2\"><g id=\"Ebene_1-2\" data-name=\"Ebene 1\"><path class=\"cls-1\" d=\"M2,15.33H28.67\"><\/path><path class=\"cls-1\" d=\"M15.33,2,28.67,15.33,15.33,28.67\"><\/path><\/g><\/g><\/svg>\t\t\t<\/span>\n\t\t\t\t\t\t<span class=\"elementor-button-text\">Scopri di pi\u00f9<\/span>\n\t\t<\/span>\n\t\t\t\t\t<\/a>\n\t\t<\/div>\n\t\t\t\t<\/div>\n\t\t\t\t<\/div>\n\t\t\t\t\t<\/div>\n\t\t<\/div>\n\t\t\t\t\t\t\t<\/div>\n\t\t<\/section>\n\t\t\t\t<section class=\"elementor-section elementor-top-section elementor-element elementor-element-7ddd704 elementor-section-boxed elementor-section-height-default elementor-section-height-default\" data-id=\"7ddd704\" data-element_type=\"section\">\n\t\t\t\t\t\t<div class=\"elementor-container elementor-column-gap-default\">\n\t\t\t\t\t\t\t\t<\/div>\n\t\t<\/section>\n\t\t\t\t\t\t\t<\/div>\n\t\t","protected":false},"excerpt":{"rendered":"<p>Esperienze I mille volti di una vacanza in Alto Adige Le esperienze pi\u00f9 emozionanti diventano bei ricordi, e le giornate di relax sotto il sole restano nel cuore, pronte a regalare forza anche dopo il rientro. Al nostro agriturismo ad Albes vi aspettano non solo comfort e relax, ma anche piaceri culinari e attivit\u00e0 sportive, [&hellip;]<\/p>\n","protected":false},"author":1,"featured_media":0,"parent":0,"menu_order":0,"comment_status":"closed","ping_status":"closed","template":"","meta":[],"yoast_head":"<!-- This site is optimized with the Yoast SEO plugin v19.6.1 - https:\/\/yoast.com\/wordpress\/plugins\/seo\/ -->\n<title>Vacanze in Alto Adige: infinita variet\u00e0<\/title>\n<meta name=\"description\" content=\"C\u2019\u00e8 chi viene in vacanza in Alto Adige per esplorare le montagne e chi preferisce restare a valle. Che siate in cerca di una pausa di relax o di un\u2019avventura emozionante, ce n\u2019\u00e8 per tutti: sportivi, escursionisti, amanti della cultura e stressati in cerca di quiete e relax. Vi aspettiamo all\u2019agriturismo Sommersberger!\" \/>\n<meta name=\"robots\" content=\"index, follow, max-snippet:-1, max-image-preview:large, max-video-preview:-1\" \/>\n<link rel=\"canonical\" href=\"https:\/\/www.sommersberger.com\/it\/esperienze\/\" \/>\n<meta property=\"og:locale\" content=\"it_IT\" \/>\n<meta property=\"og:type\" content=\"article\" \/>\n<meta property=\"og:title\" content=\"Vacanze in Alto Adige: infinita variet\u00e0\" \/>\n<meta property=\"og:description\" content=\"C\u2019\u00e8 chi viene in vacanza in Alto Adige per esplorare le montagne e chi preferisce restare a valle. Che siate in cerca di una pausa di relax o di un\u2019avventura emozionante, ce n\u2019\u00e8 per tutti: sportivi, escursionisti, amanti della cultura e stressati in cerca di quiete e relax. Vi aspettiamo all\u2019agriturismo Sommersberger!\" \/>\n<meta property=\"og:url\" content=\"https:\/\/www.sommersberger.com\/it\/esperienze\/\" \/>\n<meta property=\"og:site_name\" content=\"Sommersberger\" \/>\n<meta property=\"article:modified_time\" content=\"2023-03-03T09:23:18+00:00\" \/>\n<meta property=\"og:image\" content=\"https:\/\/www.sommersberger.com\/wp-content\/uploads\/2021\/04\/apfelbaum.png\" \/>\n<meta name=\"twitter:card\" content=\"summary_large_image\" \/>\n<meta name=\"twitter:label1\" content=\"Tempo di lettura stimato\" \/>\n\t<meta name=\"twitter:data1\" content=\"2 minuti\" \/>\n<script type=\"application\/ld+json\" class=\"yoast-schema-graph\">{\"@context\":\"https:\/\/schema.org\",\"@graph\":[{\"@type\":\"WebPage\",\"@id\":\"https:\/\/www.sommersberger.com\/it\/esperienze\/\",\"url\":\"https:\/\/www.sommersberger.com\/it\/esperienze\/\",\"name\":\"Vacanze in Alto Adige: infinita variet\u00e0\",\"isPartOf\":{\"@id\":\"https:\/\/www.sommersberger.com\/#website\"},\"datePublished\":\"2021-04-22T07:55:13+00:00\",\"dateModified\":\"2023-03-03T09:23:18+00:00\",\"description\":\"C\u2019\u00e8 chi viene in vacanza in Alto Adige per esplorare le montagne e chi preferisce restare a valle. Che siate in cerca di una pausa di relax o di un\u2019avventura emozionante, ce n\u2019\u00e8 per tutti: sportivi, escursionisti, amanti della cultura e stressati in cerca di quiete e relax. Vi aspettiamo all\u2019agriturismo Sommersberger!\",\"breadcrumb\":{\"@id\":\"https:\/\/www.sommersberger.com\/it\/esperienze\/#breadcrumb\"},\"inLanguage\":\"it-IT\",\"potentialAction\":[{\"@type\":\"ReadAction\",\"target\":[\"https:\/\/www.sommersberger.com\/it\/esperienze\/\"]}]},{\"@type\":\"BreadcrumbList\",\"@id\":\"https:\/\/www.sommersberger.com\/it\/esperienze\/#breadcrumb\",\"itemListElement\":[{\"@type\":\"ListItem\",\"position\":1,\"name\":\"Home\",\"item\":\"https:\/\/www.sommersberger.com\/it\/\"},{\"@type\":\"ListItem\",\"position\":2,\"name\":\"Esperienze\"}]},{\"@type\":\"WebSite\",\"@id\":\"https:\/\/www.sommersberger.com\/#website\",\"url\":\"https:\/\/www.sommersberger.com\/\",\"name\":\"Sommersberger\",\"description\":\"Urlaub auf dem Bauernhof in Brixen\",\"publisher\":{\"@id\":\"https:\/\/www.sommersberger.com\/#organization\"},\"potentialAction\":[{\"@type\":\"SearchAction\",\"target\":{\"@type\":\"EntryPoint\",\"urlTemplate\":\"https:\/\/www.sommersberger.com\/?s={search_term_string}\"},\"query-input\":\"required name=search_term_string\"}],\"inLanguage\":\"it-IT\"},{\"@type\":\"Organization\",\"@id\":\"https:\/\/www.sommersberger.com\/#organization\",\"name\":\"Sommersberger\",\"url\":\"https:\/\/www.sommersberger.com\/\",\"sameAs\":[],\"logo\":{\"@type\":\"ImageObject\",\"inLanguage\":\"it-IT\",\"@id\":\"https:\/\/www.sommersberger.com\/#\/schema\/logo\/image\/\",\"url\":\"https:\/\/www.sommersberger.com\/wp-content\/uploads\/2021\/04\/logo-sommersberger.svg\",\"contentUrl\":\"https:\/\/www.sommersberger.com\/wp-content\/uploads\/2021\/04\/logo-sommersberger.svg\",\"caption\":\"Sommersberger\"},\"image\":{\"@id\":\"https:\/\/www.sommersberger.com\/#\/schema\/logo\/image\/\"}}]}<\/script>\n<!-- \/ Yoast SEO plugin. -->","yoast_head_json":{"title":"Vacanze in Alto Adige: infinita variet\u00e0","description":"C\u2019\u00e8 chi viene in vacanza in Alto Adige per esplorare le montagne e chi preferisce restare a valle. Che siate in cerca di una pausa di relax o di un\u2019avventura emozionante, ce n\u2019\u00e8 per tutti: sportivi, escursionisti, amanti della cultura e stressati in cerca di quiete e relax. Vi aspettiamo all\u2019agriturismo Sommersberger!","robots":{"index":"index","follow":"follow","max-snippet":"max-snippet:-1","max-image-preview":"max-image-preview:large","max-video-preview":"max-video-preview:-1"},"canonical":"https:\/\/www.sommersberger.com\/it\/esperienze\/","og_locale":"it_IT","og_type":"article","og_title":"Vacanze in Alto Adige: infinita variet\u00e0","og_description":"C\u2019\u00e8 chi viene in vacanza in Alto Adige per esplorare le montagne e chi preferisce restare a valle. Che siate in cerca di una pausa di relax o di un\u2019avventura emozionante, ce n\u2019\u00e8 per tutti: sportivi, escursionisti, amanti della cultura e stressati in cerca di quiete e relax. Vi aspettiamo all\u2019agriturismo Sommersberger!","og_url":"https:\/\/www.sommersberger.com\/it\/esperienze\/","og_site_name":"Sommersberger","article_modified_time":"2023-03-03T09:23:18+00:00","og_image":[{"url":"https:\/\/www.sommersberger.com\/wp-content\/uploads\/2021\/04\/apfelbaum.png"}],"twitter_card":"summary_large_image","twitter_misc":{"Tempo di lettura stimato":"2 minuti"},"schema":{"@context":"https:\/\/schema.org","@graph":[{"@type":"WebPage","@id":"https:\/\/www.sommersberger.com\/it\/esperienze\/","url":"https:\/\/www.sommersberger.com\/it\/esperienze\/","name":"Vacanze in Alto Adige: infinita variet\u00e0","isPartOf":{"@id":"https:\/\/www.sommersberger.com\/#website"},"datePublished":"2021-04-22T07:55:13+00:00","dateModified":"2023-03-03T09:23:18+00:00","description":"C\u2019\u00e8 chi viene in vacanza in Alto Adige per esplorare le montagne e chi preferisce restare a valle. Che siate in cerca di una pausa di relax o di un\u2019avventura emozionante, ce n\u2019\u00e8 per tutti: sportivi, escursionisti, amanti della cultura e stressati in cerca di quiete e relax. Vi aspettiamo all\u2019agriturismo Sommersberger!","breadcrumb":{"@id":"https:\/\/www.sommersberger.com\/it\/esperienze\/#breadcrumb"},"inLanguage":"it-IT","potentialAction":[{"@type":"ReadAction","target":["https:\/\/www.sommersberger.com\/it\/esperienze\/"]}]},{"@type":"BreadcrumbList","@id":"https:\/\/www.sommersberger.com\/it\/esperienze\/#breadcrumb","itemListElement":[{"@type":"ListItem","position":1,"name":"Home","item":"https:\/\/www.sommersberger.com\/it\/"},{"@type":"ListItem","position":2,"name":"Esperienze"}]},{"@type":"WebSite","@id":"https:\/\/www.sommersberger.com\/#website","url":"https:\/\/www.sommersberger.com\/","name":"Sommersberger","description":"Urlaub auf dem Bauernhof in Brixen","publisher":{"@id":"https:\/\/www.sommersberger.com\/#organization"},"potentialAction":[{"@type":"SearchAction","target":{"@type":"EntryPoint","urlTemplate":"https:\/\/www.sommersberger.com\/?s={search_term_string}"},"query-input":"required name=search_term_string"}],"inLanguage":"it-IT"},{"@type":"Organization","@id":"https:\/\/www.sommersberger.com\/#organization","name":"Sommersberger","url":"https:\/\/www.sommersberger.com\/","sameAs":[],"logo":{"@type":"ImageObject","inLanguage":"it-IT","@id":"https:\/\/www.sommersberger.com\/#\/schema\/logo\/image\/","url":"https:\/\/www.sommersberger.com\/wp-content\/uploads\/2021\/04\/logo-sommersberger.svg","contentUrl":"https:\/\/www.sommersberger.com\/wp-content\/uploads\/2021\/04\/logo-sommersberger.svg","caption":"Sommersberger"},"image":{"@id":"https:\/\/www.sommersberger.com\/#\/schema\/logo\/image\/"}}]}},"_links":{"self":[{"href":"https:\/\/www.sommersberger.com\/it\/wp-json\/wp\/v2\/pages\/3508"}],"collection":[{"href":"https:\/\/www.sommersberger.com\/it\/wp-json\/wp\/v2\/pages"}],"about":[{"href":"https:\/\/www.sommersberger.com\/it\/wp-json\/wp\/v2\/types\/page"}],"author":[{"embeddable":true,"href":"https:\/\/www.sommersberger.com\/it\/wp-json\/wp\/v2\/users\/1"}],"replies":[{"embeddable":true,"href":"https:\/\/www.sommersberger.com\/it\/wp-json\/wp\/v2\/comments?post=3508"}],"version-history":[{"count":45,"href":"https:\/\/www.sommersberger.com\/it\/wp-json\/wp\/v2\/pages\/3508\/revisions"}],"predecessor-version":[{"id":4658,"href":"https:\/\/www.sommersberger.com\/it\/wp-json\/wp\/v2\/pages\/3508\/revisions\/4658"}],"wp:attachment":[{"href":"https:\/\/www.sommersberger.com\/it\/wp-json\/wp\/v2\/media?parent=3508"}],"curies":[{"name":"wp","href":"https:\/\/api.w.org\/{rel}","templated":true}]}}